{"id":335,"date":"2018-01-22T15:09:43","date_gmt":"2018-01-22T19:09:43","guid":{"rendered":"http:\/\/ayuntamientopuebloviejo.gob.do\/transparencia\/?page_id=335"},"modified":"2021-09-06T13:01:01","modified_gmt":"2021-09-06T17:01:01","slug":"lista-de-proveedores","status":"publish","type":"page","link":"https:\/\/ayuntamientopuebloviejo.gob.do\/transparencia\/lista-de-proveedores\/","title":{"rendered":"Lista de proveedores"},"content":{"rendered":"<p>En cumplimiento con las disposiciones de la\u00a0<strong>Ley 340-06<\/strong>\u00a0sobre\u00a0<strong>Compras y Contrataciones<\/strong>, Ayuntamiento Municipal de Pueblo Viejo, utiliza \u00fanica y exclusivamente los proveedores calificados por la\u00a0<strong>Direcci\u00f3n General de Contrataciones P\u00fablicas<\/strong>, a trav\u00e9s del\u00a0<strong>Registro de Proveedores del Estado (RPE).<\/strong><\/p>\n<p>Para consultar los\u00a0<strong>Proveedores<\/strong>\u00a0<strong>(RPE)<\/strong>\u00a0Calificados de ofrecer bienes y servicios, favor consultar el siguiente enlace:<\/p>\n<p><a href=\"https:\/\/acceso.comprasdominicana.gov.do\/compras\/proveedores\/consulta\/consulta.jsp\">https:\/\/acceso.comprasdominicana.gov.do\/compras\/proveedores\/consulta\/consulta.jsp<\/a><\/p>\n","protected":false},"excerpt":{"rendered":"En cumplimiento con las disposiciones de la\u00a0Ley 340-06\u00a0sobre\u00a0Compras y Contrataciones, Ayuntamiento Municipal de Pueblo Viejo, utiliza \u00fanica y exclusivamente los proveedores calificados por la\u00a0Direcci\u00f3n General de Contrataciones P\u00fablicas, a trav\u00e9s del\u00a0Registro de Proveedores del Estado (RPE). Para consultar los\u00a0Proveedores\u00a0(RPE)\u00a0Calificados de ofrecer bienes y servicios, favor consultar el siguiente enlace: https:\/\/acceso.comprasdominicana.gov.do\/compras\/proveedores\/consulta\/consulta.jsp","protected":false},"author":3,"featured_media":0,"parent":0,"menu_order":0,"comment_status":"closed","ping_status":"closed","template":"","meta":[],"acf":[],"_links":{"self":[{"href":"https:\/\/ayuntamientopuebloviejo.gob.do\/transparencia\/wp-json\/wp\/v2\/pages\/335"}],"collection":[{"href":"https:\/\/ayuntamientopuebloviejo.gob.do\/transparencia\/wp-json\/wp\/v2\/pages"}],"about":[{"href":"https:\/\/ayuntamientopuebloviejo.gob.do\/transparencia\/wp-json\/wp\/v2\/types\/page"}],"author":[{"embeddable":true,"href":"https:\/\/ayuntamientopuebloviejo.gob.do\/transparencia\/wp-json\/wp\/v2\/users\/3"}],"replies":[{"embeddable":true,"href":"https:\/\/ayuntamientopuebloviejo.gob.do\/transparencia\/wp-json\/wp\/v2\/comments?post=335"}],"version-history":[{"count":3,"href":"https:\/\/ayuntamientopuebloviejo.gob.do\/transparencia\/wp-json\/wp\/v2\/pages\/335\/revisions"}],"predecessor-version":[{"id":578,"href":"https:\/\/ayuntamientopuebloviejo.gob.do\/transparencia\/wp-json\/wp\/v2\/pages\/335\/revisions\/578"}],"wp:attachment":[{"href":"https:\/\/ayuntamientopuebloviejo.gob.do\/transparencia\/wp-json\/wp\/v2\/media?parent=335"}],"curies":[{"name":"wp","href":"https:\/\/api.w.org\/{rel}","templated":true}]}}