{"id":339,"date":"2018-01-22T15:11:07","date_gmt":"2018-01-22T19:11:07","guid":{"rendered":"http:\/\/ayuntamientopuebloviejo.gob.do\/transparencia\/?page_id=339"},"modified":"2021-09-07T10:37:57","modified_gmt":"2021-09-07T14:37:57","slug":"como-ser-proveedor","status":"publish","type":"page","link":"https:\/\/ayuntamientopuebloviejo.gob.do\/transparencia\/como-ser-proveedor\/","title":{"rendered":"\u00bfC\u00f3mo ser proveedor?"},"content":{"rendered":"<p>&nbsp;<\/p>\n<p><strong>Accede al portal de la Direcci\u00f3n General de Contrataciones P\u00fablicas<\/strong><\/p>\n<p>&nbsp;<\/p>\n<blockquote class=\"wp-embedded-content\" data-secret=\"IrVc79W0ou\"><p><a href=\"https:\/\/www.dgcp.gob.do\/servicios\/registro-de-proveedores\/\">Inscripci\u00f3n en el Registro de Proveedores y Registro de Cuenta Bancaria para Pagos del Estado<\/a><\/p><\/blockquote>\n<p><iframe class=\"wp-embedded-content\" sandbox=\"allow-scripts\" security=\"restricted\" style=\"position: absolute; clip: rect(1px, 1px, 1px, 1px);\" src=\"https:\/\/www.dgcp.gob.do\/servicios\/registro-de-proveedores\/embed\/#?secret=IrVc79W0ou\" data-secret=\"IrVc79W0ou\" width=\"600\" height=\"338\" title=\"\u00abInscripci\u00f3n en el Registro de Proveedores y Registro de Cuenta Bancaria para Pagos del Estado\u00bb \u2014 Direcci\u00f3n General de Contrataciones P\u00fablicas\" frameborder=\"0\" marginwidth=\"0\" marginheight=\"0\" scrolling=\"no\"><\/iframe><\/p>\n","protected":false},"excerpt":{"rendered":"&nbsp; Accede al portal de la Direcci\u00f3n General de Contrataciones P\u00fablicas &nbsp; Inscripci\u00f3n en el Registro de Proveedores y Registro de Cuenta Bancaria para Pagos del Estado","protected":false},"author":3,"featured_media":0,"parent":0,"menu_order":0,"comment_status":"closed","ping_status":"closed","template":"","meta":[],"acf":[],"_links":{"self":[{"href":"https:\/\/ayuntamientopuebloviejo.gob.do\/transparencia\/wp-json\/wp\/v2\/pages\/339"}],"collection":[{"href":"https:\/\/ayuntamientopuebloviejo.gob.do\/transparencia\/wp-json\/wp\/v2\/pages"}],"about":[{"href":"https:\/\/ayuntamientopuebloviejo.gob.do\/transparencia\/wp-json\/wp\/v2\/types\/page"}],"author":[{"embeddable":true,"href":"https:\/\/ayuntamientopuebloviejo.gob.do\/transparencia\/wp-json\/wp\/v2\/users\/3"}],"replies":[{"embeddable":true,"href":"https:\/\/ayuntamientopuebloviejo.gob.do\/transparencia\/wp-json\/wp\/v2\/comments?post=339"}],"version-history":[{"count":4,"href":"https:\/\/ayuntamientopuebloviejo.gob.do\/transparencia\/wp-json\/wp\/v2\/pages\/339\/revisions"}],"predecessor-version":[{"id":584,"href":"https:\/\/ayuntamientopuebloviejo.gob.do\/transparencia\/wp-json\/wp\/v2\/pages\/339\/revisions\/584"}],"wp:attachment":[{"href":"https:\/\/ayuntamientopuebloviejo.gob.do\/transparencia\/wp-json\/wp\/v2\/media?parent=339"}],"curies":[{"name":"wp","href":"https:\/\/api.w.org\/{rel}","templated":true}]}}